{"id":1273,"date":"2022-03-30T18:26:12","date_gmt":"2022-03-30T17:26:12","guid":{"rendered":"https:\/\/coussinets.fr\/coussinets\/?page_id=1273"},"modified":"2022-09-18T16:18:20","modified_gmt":"2022-09-18T15:18:20","slug":"mentions-legales","status":"publish","type":"page","link":"https:\/\/coussinets.fr\/coussinets\/mentions-legales\/","title":{"rendered":"Mentions L\u00e9gales"},"content":{"rendered":"\n<h2 class=\"wp-block-heading\">1 &#8211; \u00c9dition du site<\/h2>\n\n\n\n<p>En vertu de&nbsp;<a href=\"https:\/\/www.legifrance.gouv.fr\/affichTexte.do?cidTexte=JORFTEXT000000801164#LEGIARTI000042038977\" target=\"_blank\" rel=\"noreferrer noopener\">l&rsquo;article 6 de la loi n\u00b0 2004-575 du 21 juin 2004<\/a>&nbsp;pour la confiance dans l&rsquo;\u00e9conomie num\u00e9rique, il est pr\u00e9cis\u00e9 aux utilisateurs du site internet&nbsp;<strong>https:\/\/coussinets.fr\/<\/strong>&nbsp;l&rsquo;identit\u00e9 des diff\u00e9rents intervenants dans le cadre de sa r\u00e9alisation et de son suivi:<\/p>\n\n\n\n<p><strong>Propri\u00e9taire du site :&nbsp;<\/strong>Moinard Ga\u00eblle Les coussinets de Ga\u00eblle&nbsp;&#8211; Contact :&nbsp;coussinets44@gmail.com&nbsp;&#8211; Adresse :&nbsp;6 A all\u00e9e de l&rsquo;ile neuve 44980 Sainte Luce sur Loire&nbsp;.<\/p>\n\n\n\n<p><strong>Identification de l&rsquo;entreprise :<\/strong>&nbsp;Entreprise individuelle&nbsp;Moinard Ga\u00eblle Les coussinets de Ga\u00eblle&nbsp;<\/p>\n\n\n\n<p> &#8211; SIREN :&nbsp;81161883400022&nbsp;&nbsp;&#8211; Adresse postale :&nbsp;6 A all\u00e9e de l&rsquo;ile neuve 44980 Sainte Luce sur Loire&nbsp;<\/p>\n\n\n\n<p><strong>Directeur de la publication :&nbsp;<\/strong>Moinard Gaelle&nbsp;&#8211; Contact :&nbsp;coussinets44@gmail.com.<\/p>\n\n\n\n<p><strong>H\u00e9bergeur :<\/strong>&nbsp;OVH&nbsp;2 rue Kellermann 59100 Roubaix<\/p>\n\n\n\n<hr class=\"wp-block-separator has-css-opacity\"\/>\n\n\n\n<h2 class=\"wp-block-heading\">2 &#8211; Propri\u00e9t\u00e9 intellectuelle et contrefa\u00e7ons.<\/h2>\n\n\n\n<p><strong>Moinard Ga\u00eblle <\/strong>&nbsp;est propri\u00e9taire des droits de propri\u00e9t\u00e9 intellectuelle et d\u00e9tient les droits d\u2019usage sur tous les \u00e9l\u00e9ments accessibles sur le site internet, notamment les textes, images, graphismes, logos, vid\u00e9os, architecture, ic\u00f4nes et sons.<\/p>\n\n\n\n<p>Toute reproduction, repr\u00e9sentation, modification, publication, adaptation de tout ou partie des \u00e9l\u00e9ments du site, quel que soit le moyen ou le proc\u00e9d\u00e9 utilis\u00e9, est interdite, sauf autorisation \u00e9crite pr\u00e9alable de&nbsp;<strong>Moinard Ga\u00eblle.<\/strong><\/p>\n\n\n\n<p>Toute exploitation non autoris\u00e9e du site ou de l\u2019un quelconque des \u00e9l\u00e9ments qu\u2019il contient sera consid\u00e9r\u00e9e comme constitutive d\u2019une contrefa\u00e7on et poursuivie conform\u00e9ment aux dispositions des articles&nbsp;<a href=\"https:\/\/www.legifrance.gouv.fr\/affichCodeArticle.do?idArticle=LEGIARTI000032655082&amp;cidTexte=LEGITEXT000006069414&amp;dateTexte=20160605\" target=\"_blank\" rel=\"noreferrer noopener\">L.335-2 et suivants du Code de Propri\u00e9t\u00e9 Intellectuelle<\/a>.<\/p>\n\n\n\n<hr class=\"wp-block-separator has-css-opacity\"\/>\n\n\n\n<h2 class=\"wp-block-heading\">3 &#8211; Limitations de responsabilit\u00e9.<\/h2>\n\n\n\n<p><strong>Moinard Ga\u00eblle  <\/strong>ne pourra \u00eatre tenu pour responsable des dommages directs et indirects caus\u00e9s au mat\u00e9riel de l\u2019utilisateur, lors de l\u2019acc\u00e8s au site&nbsp;<strong>https:\/\/coussinets.fr\/<\/strong>.<\/p>\n\n\n\n<p><strong>Moinard Ga\u00eblle  <\/strong>d\u00e9cline toute responsabilit\u00e9 quant \u00e0 l\u2019utilisation qui pourrait \u00eatre faite des informations et contenus pr\u00e9sents sur&nbsp;<strong>https:\/\/coussinets.fr\/<\/strong>.<\/p>\n\n\n\n<p><strong>Moinard Ga\u00eblle <\/strong>&nbsp;s\u2019engage \u00e0 s\u00e9curiser au mieux le site&nbsp;<strong>https:\/\/coussinets.fr\/<\/strong>, cependant sa responsabilit\u00e9 ne pourra \u00eatre mise en cause si des donn\u00e9es ind\u00e9sirables sont import\u00e9es et install\u00e9es sur son site \u00e0 son insu.<\/p>\n\n\n\n<p>Des espaces interactifs (espace contact ou commentaires) sont \u00e0 la disposition des utilisateurs.&nbsp;<strong>Moinard Ga\u00eblle <\/strong>&nbsp;se r\u00e9serve le droit de supprimer, sans mise en demeure pr\u00e9alable, tout contenu d\u00e9pos\u00e9 dans cet espace qui contreviendrait \u00e0 la l\u00e9gislation applicable en France, en particulier aux dispositions relatives \u00e0 la protection des donn\u00e9es.<\/p>\n\n\n\n<p>Le cas \u00e9ch\u00e9ant,&nbsp;<strong>Moinard Ga\u00eblle <\/strong>&nbsp;se r\u00e9serve \u00e9galement la possibilit\u00e9 de mettre en cause la responsabilit\u00e9 civile et\/ou p\u00e9nale de l\u2019utilisateur, notamment en cas de message \u00e0 caract\u00e8re raciste, injurieux, diffamant, ou pornographique, quel que soit le support utilis\u00e9 (texte, photographie \u2026).<\/p>\n\n\n\n<hr class=\"wp-block-separator has-css-opacity\"\/>\n\n\n\n<h2 class=\"wp-block-heading\">4 &#8211; CNIL et gestion des donn\u00e9es personnelles.<\/h2>\n\n\n\n<p>Conform\u00e9ment aux dispositions de&nbsp;<a href=\"https:\/\/www.legifrance.gouv.fr\/affichTexte.do?cidTexte=JORFTEXT000000886460\" target=\"_blank\" rel=\"noreferrer noopener\">la loi 78-17 du 6 janvier 1978 modifi\u00e9e<\/a>, l\u2019utilisateur du site&nbsp;<strong>https:\/\/coussinets.fr\/<\/strong>&nbsp;dispose d\u2019un droit d\u2019acc\u00e8s, de modification et de suppression des informations collect\u00e9es. Pour exercer ce droit, envoyez un message \u00e0 coussinets44@gmail.com<\/p>\n\n\n\n<p>L&rsquo;utilisateur fournit ces informations en toute connaissance de cause, notamment lorsqu&rsquo;il proc\u00e8de par lui-m\u00eame \u00e0 leur saisie. Aucune information personnelle de l\u2019utilisateur du site n\u2019est publi\u00e9e \u00e0 l\u2019insu de l\u2019utilisateur, \u00e9chang\u00e9e, transf\u00e9r\u00e9e, c\u00e9d\u00e9e ou vendue sur un support quelconque \u00e0 des tiers. Seule l\u2019hypoth\u00e8se du rachat des coussinets de Ga\u00eblle et de ses droits permettrait la transmission des dites informations \u00e0 l\u2019\u00e9ventuel acqu\u00e9reur qui serait \u00e0 son tour tenu de la m\u00eame obligation de conservation et de modification des donn\u00e9es vis \u00e0 vis de l\u2019utilisateur du site.<\/p>\n\n\n\n<p><strong>Politique de confidentialit\u00e9<\/strong><\/p>\n\n\n\n<p>Chaque formulaire limite la collecte des donn\u00e9es personnelles au strict n\u00e9cessaire.<\/p>\n\n\n\n<ul class=\"wp-block-list\"><li>les donn\u00e9es recueillies sont utilis\u00e9es uniquement pour permettre de vous recontacter dans le cadre de la relation commerciale<\/li><li>Les champs pr\u00e9cisent clairement si les donn\u00e9es demand\u00e9es sont obligatoires ou facultatives pour la gestion de votre demande<\/li><li>Les coussinets de Ga\u00eblle est seul \u00e0 prendre connaissance de ces donn\u00e9es et aucune transmission \u00e0 un tiers n\u2019est n\u00e9cessaire \u00e0 la gestion de votre demande.<\/li><li>Vos donn\u00e9es personnelles sont conserv\u00e9es dans notre fichier client. Vous pouvez en demander la suppression \u00e0 tous moments.<\/li><\/ul>\n\n\n\n<p>Pour toute information ou exercice de vos droits Informatique et Libert\u00e9s sur les traitements de donn\u00e9es personnelles, vous pouvez nous contacter par mail coussinets44@gmail.com<\/p>\n\n\n\n<hr class=\"wp-block-separator has-css-opacity\"\/>\n\n\n\n<h2 class=\"wp-block-heading\">5 &#8211; Liens hypertextes et cookies<\/h2>\n\n\n\n<p>Le site&nbsp;<strong>https:\/\/coussinets.fr\/<\/strong>&nbsp;contient des liens hypertextes vers d\u2019autres sites et d\u00e9gage toute responsabilit\u00e9 \u00e0 propos de ces liens externes ou des liens cr\u00e9\u00e9s par d\u2019autres sites vers&nbsp;<strong>https:\/\/coussinets.fr\/<\/strong>.<\/p>\n\n\n\n<p>La navigation sur le site&nbsp;<strong>https:\/\/coussinets.fr\/<\/strong>&nbsp;est susceptible de provoquer l\u2019installation de cookie(s) sur l\u2019ordinateur de l\u2019utilisateur.<\/p>\n\n\n\n<p>Un \u00ab\u00a0cookie\u00a0\u00bb est un fichier de petite taille qui enregistre des informations relatives \u00e0 la navigation d\u2019un utilisateur sur un site. Les donn\u00e9es ainsi obtenues permettent d&rsquo;obtenir des mesures de fr\u00e9quentation, par exemple.<\/p>\n\n\n\n<p>Vous avez la possibilit\u00e9&nbsp;<strong>d\u2019accepter ou de refuser les cookies<\/strong>&nbsp;en modifiant les param\u00e8tres de votre navigateur. Aucun cookie ne sera d\u00e9pos\u00e9 sans votre consentement.<\/p>\n\n\n\n<p><\/p>\n\n\n\n<hr class=\"wp-block-separator has-css-opacity\"\/>\n\n\n\n<h2 class=\"wp-block-heading\">6 &#8211; Droit applicable et attribution de juridiction.<\/h2>\n\n\n\n<p>Tout litige en relation avec l\u2019utilisation du site&nbsp;<strong>https:\/\/coussinets.fr\/<\/strong>&nbsp;est soumis au droit fran\u00e7ais. En dehors des cas o\u00f9 la loi ne le permet pas, il est fait attribution exclusive de juridiction aux tribunaux comp\u00e9tents<\/p>\n\n\n\n<p><strong>Conform\u00e9ment aux articles L.616-1 et R.616-1 du code de la consommation, nous proposons un dispositif de m\u00e9diation de la consommation. L&rsquo;entit\u00e9 de m\u00e9diation retenue est : CNPM &#8211; MEDIATION DE LA CONSOMMATION. En cas de litige, vous pouvez d\u00e9poser votre r\u00e9clamation sur son site : https:\/\/cnpm-mediation-consommation.eu\/ ou par voie postale en \u00e9crivant \u00e0 CNPM &#8211; MEDIATION &#8211; CONSOMMATION &#8211; 27 avenue de la lib\u00e9ration &#8211; 42400 Saint-Chamond<\/strong>.<\/p>\n\n\n\n<figure class=\"wp-block-gallery has-nested-images columns-default is-cropped wp-block-gallery-1 is-layout-flex wp-block-gallery-is-layout-flex\">\n<figure class=\"wp-block-image size-large\"><img loading=\"lazy\" decoding=\"async\" width=\"700\" height=\"387\" data-id=\"1297\" src=\"https:\/\/coussinets.fr\/coussinets\/wp-content\/uploads\/mediation-consommatin_logo-fnae_1.png\" alt=\"\" class=\"wp-image-1297\" srcset=\"https:\/\/coussinets.fr\/coussinets\/wp-content\/uploads\/mediation-consommatin_logo-fnae_1.png 700w, https:\/\/coussinets.fr\/coussinets\/wp-content\/uploads\/mediation-consommatin_logo-fnae_1-300x166.png 300w, https:\/\/coussinets.fr\/coussinets\/wp-content\/uploads\/mediation-consommatin_logo-fnae_1-150x83.png 150w\" sizes=\"auto, (max-width: 700px) 100vw, 700px\" \/><\/figure>\n<\/figure>\n","protected":false},"excerpt":{"rendered":"<p>1 &#8211; \u00c9dition du site En vertu de&nbsp;l&rsquo;article 6 de la loi n\u00b0 2004-575 du 21 juin 2004&nbsp;pour la confiance dans l&rsquo;\u00e9conomie num\u00e9rique, il est pr\u00e9cis\u00e9 aux utilisateurs du site internet&nbsp;https:\/\/coussinets.fr\/&nbsp;l&rsquo;identit\u00e9 des diff\u00e9rents intervenants dans le cadre de sa r\u00e9alisation et de son suivi: Propri\u00e9taire du site :&nbsp;Moinard Ga\u00eblle Les coussinets de Ga\u00eblle&nbsp;&#8211; Contact :&nbsp;coussinets44@gmail.com&nbsp;&#8211; Adresse :&nbsp;6 A all\u00e9e de<\/p>\n","protected":false},"author":1,"featured_media":0,"parent":0,"menu_order":0,"comment_status":"closed","ping_status":"closed","template":"","meta":{"footnotes":""},"class_list":["post-1273","page","type-page","status-publish","hentry"],"yoast_head":"<!-- This site is optimized with the Yoast SEO plugin v27.4 - https:\/\/yoast.com\/product\/yoast-seo-wordpress\/ -->\n<title>Mentions L\u00e9gales - Les coussinets de Gaelle<\/title>\n<meta name=\"robots\" content=\"index, follow, max-snippet:-1, max-image-preview:large, max-video-preview:-1\" \/>\n<link rel=\"canonical\" href=\"https:\/\/coussinets.fr\/coussinets\/mentions-legales\/\" \/>\n<meta property=\"og:locale\" content=\"fr_FR\" \/>\n<meta property=\"og:type\" content=\"article\" \/>\n<meta property=\"og:title\" content=\"Mentions L\u00e9gales - Les coussinets de Gaelle\" \/>\n<meta property=\"og:description\" content=\"1 &#8211; \u00c9dition du site En vertu de&nbsp;l&rsquo;article 6 de la loi n\u00b0 2004-575 du 21 juin 2004&nbsp;pour la confiance dans l&rsquo;\u00e9conomie num\u00e9rique, il est pr\u00e9cis\u00e9 aux utilisateurs du site internet&nbsp;https:\/\/coussinets.fr\/&nbsp;l&rsquo;identit\u00e9 des diff\u00e9rents intervenants dans le cadre de sa r\u00e9alisation et de son suivi: Propri\u00e9taire du site :&nbsp;Moinard Ga\u00eblle Les coussinets de Ga\u00eblle&nbsp;&#8211; Contact :&nbsp;coussinets44@gmail.com&nbsp;&#8211; Adresse :&nbsp;6 A all\u00e9e de\" \/>\n<meta property=\"og:url\" content=\"https:\/\/coussinets.fr\/coussinets\/mentions-legales\/\" \/>\n<meta property=\"og:site_name\" content=\"Les coussinets de Gaelle\" \/>\n<meta property=\"article:modified_time\" content=\"2022-09-18T15:18:20+00:00\" \/>\n<meta property=\"og:image\" content=\"https:\/\/coussinets.fr\/coussinets\/wp-content\/uploads\/mediation-consommatin_logo-fnae_1.png\" \/>\n<meta name=\"twitter:card\" content=\"summary_large_image\" \/>\n<meta name=\"twitter:label1\" content=\"Dur\u00e9e de lecture estim\u00e9e\" \/>\n\t<meta name=\"twitter:data1\" content=\"5 minutes\" \/>\n<script type=\"application\/ld+json\" class=\"yoast-schema-graph\">{\"@context\":\"https:\\\/\\\/schema.org\",\"@graph\":[{\"@type\":\"WebPage\",\"@id\":\"https:\\\/\\\/coussinets.fr\\\/coussinets\\\/mentions-legales\\\/\",\"url\":\"https:\\\/\\\/coussinets.fr\\\/coussinets\\\/mentions-legales\\\/\",\"name\":\"Mentions L\u00e9gales - Les coussinets de Gaelle\",\"isPartOf\":{\"@id\":\"https:\\\/\\\/coussinets.fr\\\/coussinets\\\/#website\"},\"primaryImageOfPage\":{\"@id\":\"https:\\\/\\\/coussinets.fr\\\/coussinets\\\/mentions-legales\\\/#primaryimage\"},\"image\":{\"@id\":\"https:\\\/\\\/coussinets.fr\\\/coussinets\\\/mentions-legales\\\/#primaryimage\"},\"thumbnailUrl\":\"https:\\\/\\\/coussinets.fr\\\/coussinets\\\/wp-content\\\/uploads\\\/mediation-consommatin_logo-fnae_1.png\",\"datePublished\":\"2022-03-30T17:26:12+00:00\",\"dateModified\":\"2022-09-18T15:18:20+00:00\",\"breadcrumb\":{\"@id\":\"https:\\\/\\\/coussinets.fr\\\/coussinets\\\/mentions-legales\\\/#breadcrumb\"},\"inLanguage\":\"fr-FR\",\"potentialAction\":[{\"@type\":\"ReadAction\",\"target\":[\"https:\\\/\\\/coussinets.fr\\\/coussinets\\\/mentions-legales\\\/\"]}]},{\"@type\":\"ImageObject\",\"inLanguage\":\"fr-FR\",\"@id\":\"https:\\\/\\\/coussinets.fr\\\/coussinets\\\/mentions-legales\\\/#primaryimage\",\"url\":\"https:\\\/\\\/coussinets.fr\\\/coussinets\\\/wp-content\\\/uploads\\\/mediation-consommatin_logo-fnae_1.png\",\"contentUrl\":\"https:\\\/\\\/coussinets.fr\\\/coussinets\\\/wp-content\\\/uploads\\\/mediation-consommatin_logo-fnae_1.png\",\"width\":700,\"height\":387},{\"@type\":\"BreadcrumbList\",\"@id\":\"https:\\\/\\\/coussinets.fr\\\/coussinets\\\/mentions-legales\\\/#breadcrumb\",\"itemListElement\":[{\"@type\":\"ListItem\",\"position\":1,\"name\":\"Accueil\",\"item\":\"https:\\\/\\\/coussinets.fr\\\/coussinets\\\/\"},{\"@type\":\"ListItem\",\"position\":2,\"name\":\"Mentions L\u00e9gales\"}]},{\"@type\":\"WebSite\",\"@id\":\"https:\\\/\\\/coussinets.fr\\\/coussinets\\\/#website\",\"url\":\"https:\\\/\\\/coussinets.fr\\\/coussinets\\\/\",\"name\":\"Les coussinets de Gaelle\",\"description\":\"\",\"publisher\":{\"@id\":\"https:\\\/\\\/coussinets.fr\\\/coussinets\\\/#organization\"},\"potentialAction\":[{\"@type\":\"SearchAction\",\"target\":{\"@type\":\"EntryPoint\",\"urlTemplate\":\"https:\\\/\\\/coussinets.fr\\\/coussinets\\\/?s={search_term_string}\"},\"query-input\":{\"@type\":\"PropertyValueSpecification\",\"valueRequired\":true,\"valueName\":\"search_term_string\"}}],\"inLanguage\":\"fr-FR\"},{\"@type\":\"Organization\",\"@id\":\"https:\\\/\\\/coussinets.fr\\\/coussinets\\\/#organization\",\"name\":\"Les coussinets de Ga\u00eblle\",\"url\":\"https:\\\/\\\/coussinets.fr\\\/coussinets\\\/\",\"logo\":{\"@type\":\"ImageObject\",\"inLanguage\":\"fr-FR\",\"@id\":\"https:\\\/\\\/coussinets.fr\\\/coussinets\\\/#\\\/schema\\\/logo\\\/image\\\/\",\"url\":\"https:\\\/\\\/coussinets.fr\\\/coussinets\\\/wp-content\\\/uploads\\\/logo_slogan.png\",\"contentUrl\":\"https:\\\/\\\/coussinets.fr\\\/coussinets\\\/wp-content\\\/uploads\\\/logo_slogan.png\",\"width\":720,\"height\":146,\"caption\":\"Les coussinets de Ga\u00eblle\"},\"image\":{\"@id\":\"https:\\\/\\\/coussinets.fr\\\/coussinets\\\/#\\\/schema\\\/logo\\\/image\\\/\"}}]}<\/script>\n<!-- \/ Yoast SEO plugin. -->","yoast_head_json":{"title":"Mentions L\u00e9gales - Les coussinets de Gaelle","robots":{"index":"index","follow":"follow","max-snippet":"max-snippet:-1","max-image-preview":"max-image-preview:large","max-video-preview":"max-video-preview:-1"},"canonical":"https:\/\/coussinets.fr\/coussinets\/mentions-legales\/","og_locale":"fr_FR","og_type":"article","og_title":"Mentions L\u00e9gales - Les coussinets de Gaelle","og_description":"1 &#8211; \u00c9dition du site En vertu de&nbsp;l&rsquo;article 6 de la loi n\u00b0 2004-575 du 21 juin 2004&nbsp;pour la confiance dans l&rsquo;\u00e9conomie num\u00e9rique, il est pr\u00e9cis\u00e9 aux utilisateurs du site internet&nbsp;https:\/\/coussinets.fr\/&nbsp;l&rsquo;identit\u00e9 des diff\u00e9rents intervenants dans le cadre de sa r\u00e9alisation et de son suivi: Propri\u00e9taire du site :&nbsp;Moinard Ga\u00eblle Les coussinets de Ga\u00eblle&nbsp;&#8211; Contact :&nbsp;coussinets44@gmail.com&nbsp;&#8211; Adresse :&nbsp;6 A all\u00e9e de","og_url":"https:\/\/coussinets.fr\/coussinets\/mentions-legales\/","og_site_name":"Les coussinets de Gaelle","article_modified_time":"2022-09-18T15:18:20+00:00","og_image":[{"url":"https:\/\/coussinets.fr\/coussinets\/wp-content\/uploads\/mediation-consommatin_logo-fnae_1.png","type":"","width":"","height":""}],"twitter_card":"summary_large_image","twitter_misc":{"Dur\u00e9e de lecture estim\u00e9e":"5 minutes"},"schema":{"@context":"https:\/\/schema.org","@graph":[{"@type":"WebPage","@id":"https:\/\/coussinets.fr\/coussinets\/mentions-legales\/","url":"https:\/\/coussinets.fr\/coussinets\/mentions-legales\/","name":"Mentions L\u00e9gales - Les coussinets de Gaelle","isPartOf":{"@id":"https:\/\/coussinets.fr\/coussinets\/#website"},"primaryImageOfPage":{"@id":"https:\/\/coussinets.fr\/coussinets\/mentions-legales\/#primaryimage"},"image":{"@id":"https:\/\/coussinets.fr\/coussinets\/mentions-legales\/#primaryimage"},"thumbnailUrl":"https:\/\/coussinets.fr\/coussinets\/wp-content\/uploads\/mediation-consommatin_logo-fnae_1.png","datePublished":"2022-03-30T17:26:12+00:00","dateModified":"2022-09-18T15:18:20+00:00","breadcrumb":{"@id":"https:\/\/coussinets.fr\/coussinets\/mentions-legales\/#breadcrumb"},"inLanguage":"fr-FR","potentialAction":[{"@type":"ReadAction","target":["https:\/\/coussinets.fr\/coussinets\/mentions-legales\/"]}]},{"@type":"ImageObject","inLanguage":"fr-FR","@id":"https:\/\/coussinets.fr\/coussinets\/mentions-legales\/#primaryimage","url":"https:\/\/coussinets.fr\/coussinets\/wp-content\/uploads\/mediation-consommatin_logo-fnae_1.png","contentUrl":"https:\/\/coussinets.fr\/coussinets\/wp-content\/uploads\/mediation-consommatin_logo-fnae_1.png","width":700,"height":387},{"@type":"BreadcrumbList","@id":"https:\/\/coussinets.fr\/coussinets\/mentions-legales\/#breadcrumb","itemListElement":[{"@type":"ListItem","position":1,"name":"Accueil","item":"https:\/\/coussinets.fr\/coussinets\/"},{"@type":"ListItem","position":2,"name":"Mentions L\u00e9gales"}]},{"@type":"WebSite","@id":"https:\/\/coussinets.fr\/coussinets\/#website","url":"https:\/\/coussinets.fr\/coussinets\/","name":"Les coussinets de Gaelle","description":"","publisher":{"@id":"https:\/\/coussinets.fr\/coussinets\/#organization"},"potentialAction":[{"@type":"SearchAction","target":{"@type":"EntryPoint","urlTemplate":"https:\/\/coussinets.fr\/coussinets\/?s={search_term_string}"},"query-input":{"@type":"PropertyValueSpecification","valueRequired":true,"valueName":"search_term_string"}}],"inLanguage":"fr-FR"},{"@type":"Organization","@id":"https:\/\/coussinets.fr\/coussinets\/#organization","name":"Les coussinets de Ga\u00eblle","url":"https:\/\/coussinets.fr\/coussinets\/","logo":{"@type":"ImageObject","inLanguage":"fr-FR","@id":"https:\/\/coussinets.fr\/coussinets\/#\/schema\/logo\/image\/","url":"https:\/\/coussinets.fr\/coussinets\/wp-content\/uploads\/logo_slogan.png","contentUrl":"https:\/\/coussinets.fr\/coussinets\/wp-content\/uploads\/logo_slogan.png","width":720,"height":146,"caption":"Les coussinets de Ga\u00eblle"},"image":{"@id":"https:\/\/coussinets.fr\/coussinets\/#\/schema\/logo\/image\/"}}]}},"_links":{"self":[{"href":"https:\/\/coussinets.fr\/coussinets\/wp-json\/wp\/v2\/pages\/1273","targetHints":{"allow":["GET"]}}],"collection":[{"href":"https:\/\/coussinets.fr\/coussinets\/wp-json\/wp\/v2\/pages"}],"about":[{"href":"https:\/\/coussinets.fr\/coussinets\/wp-json\/wp\/v2\/types\/page"}],"author":[{"embeddable":true,"href":"https:\/\/coussinets.fr\/coussinets\/wp-json\/wp\/v2\/users\/1"}],"replies":[{"embeddable":true,"href":"https:\/\/coussinets.fr\/coussinets\/wp-json\/wp\/v2\/comments?post=1273"}],"version-history":[{"count":4,"href":"https:\/\/coussinets.fr\/coussinets\/wp-json\/wp\/v2\/pages\/1273\/revisions"}],"predecessor-version":[{"id":1299,"href":"https:\/\/coussinets.fr\/coussinets\/wp-json\/wp\/v2\/pages\/1273\/revisions\/1299"}],"wp:attachment":[{"href":"https:\/\/coussinets.fr\/coussinets\/wp-json\/wp\/v2\/media?parent=1273"}],"curies":[{"name":"wp","href":"https:\/\/api.w.org\/{rel}","templated":true}]}}