{"id":16,"date":"2015-04-04T15:46:10","date_gmt":"2015-04-04T14:46:10","guid":{"rendered":"http:\/\/coussinets.fr\/coussinets\/?page_id=16"},"modified":"2025-02-15T19:32:11","modified_gmt":"2025-02-15T18:32:11","slug":"zone","status":"publish","type":"page","link":"https:\/\/coussinets.fr\/coussinets\/zone\/","title":{"rendered":""},"content":{"rendered":"<h2 style=\"text-align: center;\"><span style=\"color: #4e3626;\"><u>Zone d&rsquo;activit\u00e9<\/u><\/span><\/h2>\n<p><span style=\"color: #4e3626;\">Vous pouvez me contactez via <a style=\"color: #4e3626;\" href=\"https:\/\/coussinets.fr\/coussinets\/contact\/\">le formulaire de contact<\/a> soit par t\u00e9l\u00e9phone au 06 30 87 96 00 de 10h \u00e0 19h.<\/span><\/p>\n<p><span style=\"color: #4e3626;\">Voici le secteur sachant que je ne fais pas quelques quartiers dans cette zone, n\u2019h\u00e9sitez donc pas \u00e0 me contacter !<\/span><\/p>\n<p><img loading=\"lazy\" decoding=\"async\" class=\"aligncenter wp-image-1191 size-full\" src=\"https:\/\/coussinets.fr\/coussinets\/wp-content\/uploads\/map.png\" alt=\"\" width=\"853\" height=\"685\" \/><\/p>\n","protected":false},"excerpt":{"rendered":"<p>Zone d&rsquo;activit\u00e9 Vous pouvez me contactez via le formulaire de contact soit par t\u00e9l\u00e9phone au 06 30 87 96 00 de 10h \u00e0 19h. Voici le secteur sachant que je ne fais pas quelques quartiers dans cette zone, n\u2019h\u00e9sitez donc pas \u00e0 me contacter !<\/p>\n","protected":false},"author":1,"featured_media":0,"parent":0,"menu_order":2,"comment_status":"closed","ping_status":"open","template":"template-fullwidth.php","meta":{"footnotes":""},"class_list":["post-16","page","type-page","status-publish","hentry"],"yoast_head":"<!-- This site is optimized with the Yoast SEO plugin v27.6 - https:\/\/yoast.com\/product\/yoast-seo-wordpress\/ -->\n<title>- Les coussinets de Gaelle<\/title>\n<meta name=\"robots\" content=\"index, follow, max-snippet:-1, max-image-preview:large, max-video-preview:-1\" \/>\n<link rel=\"canonical\" href=\"https:\/\/coussinets.fr\/coussinets\/zone\/\" \/>\n<meta property=\"og:locale\" content=\"fr_FR\" \/>\n<meta property=\"og:type\" content=\"article\" \/>\n<meta property=\"og:title\" content=\"- Les coussinets de Gaelle\" \/>\n<meta property=\"og:description\" content=\"Zone d&rsquo;activit\u00e9 Vous pouvez me contactez via le formulaire de contact soit par t\u00e9l\u00e9phone au 06 30 87 96 00 de 10h \u00e0 19h. Voici le secteur sachant que je ne fais pas quelques quartiers dans cette zone, n\u2019h\u00e9sitez donc pas \u00e0 me contacter !\" \/>\n<meta property=\"og:url\" content=\"https:\/\/coussinets.fr\/coussinets\/zone\/\" \/>\n<meta property=\"og:site_name\" content=\"Les coussinets de Gaelle\" \/>\n<meta property=\"article:modified_time\" content=\"2025-02-15T18:32:11+00:00\" \/>\n<meta property=\"og:image\" content=\"http:\/\/coussinets.fr\/coussinets\/wp-content\/uploads\/map.png\" \/>\n<meta name=\"twitter:card\" content=\"summary_large_image\" \/>\n<script type=\"application\/ld+json\" class=\"yoast-schema-graph\">{\"@context\":\"https:\\\/\\\/schema.org\",\"@graph\":[{\"@type\":\"WebPage\",\"@id\":\"https:\\\/\\\/coussinets.fr\\\/coussinets\\\/zone\\\/\",\"url\":\"https:\\\/\\\/coussinets.fr\\\/coussinets\\\/zone\\\/\",\"name\":\"- Les coussinets de Gaelle\",\"isPartOf\":{\"@id\":\"https:\\\/\\\/coussinets.fr\\\/coussinets\\\/#website\"},\"primaryImageOfPage\":{\"@id\":\"https:\\\/\\\/coussinets.fr\\\/coussinets\\\/zone\\\/#primaryimage\"},\"image\":{\"@id\":\"https:\\\/\\\/coussinets.fr\\\/coussinets\\\/zone\\\/#primaryimage\"},\"thumbnailUrl\":\"http:\\\/\\\/coussinets.fr\\\/coussinets\\\/wp-content\\\/uploads\\\/map.png\",\"datePublished\":\"2015-04-04T14:46:10+00:00\",\"dateModified\":\"2025-02-15T18:32:11+00:00\",\"inLanguage\":\"fr-FR\",\"potentialAction\":[{\"@type\":\"ReadAction\",\"target\":[\"https:\\\/\\\/coussinets.fr\\\/coussinets\\\/zone\\\/\"]}]},{\"@type\":\"ImageObject\",\"inLanguage\":\"fr-FR\",\"@id\":\"https:\\\/\\\/coussinets.fr\\\/coussinets\\\/zone\\\/#primaryimage\",\"url\":\"http:\\\/\\\/coussinets.fr\\\/coussinets\\\/wp-content\\\/uploads\\\/map.png\",\"contentUrl\":\"http:\\\/\\\/coussinets.fr\\\/coussinets\\\/wp-content\\\/uploads\\\/map.png\"},{\"@type\":\"WebSite\",\"@id\":\"https:\\\/\\\/coussinets.fr\\\/coussinets\\\/#website\",\"url\":\"https:\\\/\\\/coussinets.fr\\\/coussinets\\\/\",\"name\":\"Les coussinets de Gaelle\",\"description\":\"\",\"publisher\":{\"@id\":\"https:\\\/\\\/coussinets.fr\\\/coussinets\\\/#organization\"},\"potentialAction\":[{\"@type\":\"SearchAction\",\"target\":{\"@type\":\"EntryPoint\",\"urlTemplate\":\"https:\\\/\\\/coussinets.fr\\\/coussinets\\\/?s={search_term_string}\"},\"query-input\":{\"@type\":\"PropertyValueSpecification\",\"valueRequired\":true,\"valueName\":\"search_term_string\"}}],\"inLanguage\":\"fr-FR\"},{\"@type\":\"Organization\",\"@id\":\"https:\\\/\\\/coussinets.fr\\\/coussinets\\\/#organization\",\"name\":\"Les coussinets de Ga\u00eblle\",\"url\":\"https:\\\/\\\/coussinets.fr\\\/coussinets\\\/\",\"logo\":{\"@type\":\"ImageObject\",\"inLanguage\":\"fr-FR\",\"@id\":\"https:\\\/\\\/coussinets.fr\\\/coussinets\\\/#\\\/schema\\\/logo\\\/image\\\/\",\"url\":\"https:\\\/\\\/coussinets.fr\\\/coussinets\\\/wp-content\\\/uploads\\\/logo_slogan.png\",\"contentUrl\":\"https:\\\/\\\/coussinets.fr\\\/coussinets\\\/wp-content\\\/uploads\\\/logo_slogan.png\",\"width\":720,\"height\":146,\"caption\":\"Les coussinets de Ga\u00eblle\"},\"image\":{\"@id\":\"https:\\\/\\\/coussinets.fr\\\/coussinets\\\/#\\\/schema\\\/logo\\\/image\\\/\"}}]}<\/script>\n<!-- \/ Yoast SEO plugin. -->","yoast_head_json":{"title":"- Les coussinets de Gaelle","robots":{"index":"index","follow":"follow","max-snippet":"max-snippet:-1","max-image-preview":"max-image-preview:large","max-video-preview":"max-video-preview:-1"},"canonical":"https:\/\/coussinets.fr\/coussinets\/zone\/","og_locale":"fr_FR","og_type":"article","og_title":"- Les coussinets de Gaelle","og_description":"Zone d&rsquo;activit\u00e9 Vous pouvez me contactez via le formulaire de contact soit par t\u00e9l\u00e9phone au 06 30 87 96 00 de 10h \u00e0 19h. Voici le secteur sachant que je ne fais pas quelques quartiers dans cette zone, n\u2019h\u00e9sitez donc pas \u00e0 me contacter !","og_url":"https:\/\/coussinets.fr\/coussinets\/zone\/","og_site_name":"Les coussinets de Gaelle","article_modified_time":"2025-02-15T18:32:11+00:00","og_image":[{"url":"http:\/\/coussinets.fr\/coussinets\/wp-content\/uploads\/map.png","type":"","width":"","height":""}],"twitter_card":"summary_large_image","schema":{"@context":"https:\/\/schema.org","@graph":[{"@type":"WebPage","@id":"https:\/\/coussinets.fr\/coussinets\/zone\/","url":"https:\/\/coussinets.fr\/coussinets\/zone\/","name":"- Les coussinets de Gaelle","isPartOf":{"@id":"https:\/\/coussinets.fr\/coussinets\/#website"},"primaryImageOfPage":{"@id":"https:\/\/coussinets.fr\/coussinets\/zone\/#primaryimage"},"image":{"@id":"https:\/\/coussinets.fr\/coussinets\/zone\/#primaryimage"},"thumbnailUrl":"http:\/\/coussinets.fr\/coussinets\/wp-content\/uploads\/map.png","datePublished":"2015-04-04T14:46:10+00:00","dateModified":"2025-02-15T18:32:11+00:00","inLanguage":"fr-FR","potentialAction":[{"@type":"ReadAction","target":["https:\/\/coussinets.fr\/coussinets\/zone\/"]}]},{"@type":"ImageObject","inLanguage":"fr-FR","@id":"https:\/\/coussinets.fr\/coussinets\/zone\/#primaryimage","url":"http:\/\/coussinets.fr\/coussinets\/wp-content\/uploads\/map.png","contentUrl":"http:\/\/coussinets.fr\/coussinets\/wp-content\/uploads\/map.png"},{"@type":"WebSite","@id":"https:\/\/coussinets.fr\/coussinets\/#website","url":"https:\/\/coussinets.fr\/coussinets\/","name":"Les coussinets de Gaelle","description":"","publisher":{"@id":"https:\/\/coussinets.fr\/coussinets\/#organization"},"potentialAction":[{"@type":"SearchAction","target":{"@type":"EntryPoint","urlTemplate":"https:\/\/coussinets.fr\/coussinets\/?s={search_term_string}"},"query-input":{"@type":"PropertyValueSpecification","valueRequired":true,"valueName":"search_term_string"}}],"inLanguage":"fr-FR"},{"@type":"Organization","@id":"https:\/\/coussinets.fr\/coussinets\/#organization","name":"Les coussinets de Ga\u00eblle","url":"https:\/\/coussinets.fr\/coussinets\/","logo":{"@type":"ImageObject","inLanguage":"fr-FR","@id":"https:\/\/coussinets.fr\/coussinets\/#\/schema\/logo\/image\/","url":"https:\/\/coussinets.fr\/coussinets\/wp-content\/uploads\/logo_slogan.png","contentUrl":"https:\/\/coussinets.fr\/coussinets\/wp-content\/uploads\/logo_slogan.png","width":720,"height":146,"caption":"Les coussinets de Ga\u00eblle"},"image":{"@id":"https:\/\/coussinets.fr\/coussinets\/#\/schema\/logo\/image\/"}}]}},"_links":{"self":[{"href":"https:\/\/coussinets.fr\/coussinets\/wp-json\/wp\/v2\/pages\/16","targetHints":{"allow":["GET"]}}],"collection":[{"href":"https:\/\/coussinets.fr\/coussinets\/wp-json\/wp\/v2\/pages"}],"about":[{"href":"https:\/\/coussinets.fr\/coussinets\/wp-json\/wp\/v2\/types\/page"}],"author":[{"embeddable":true,"href":"https:\/\/coussinets.fr\/coussinets\/wp-json\/wp\/v2\/users\/1"}],"replies":[{"embeddable":true,"href":"https:\/\/coussinets.fr\/coussinets\/wp-json\/wp\/v2\/comments?post=16"}],"version-history":[{"count":83,"href":"https:\/\/coussinets.fr\/coussinets\/wp-json\/wp\/v2\/pages\/16\/revisions"}],"predecessor-version":[{"id":1678,"href":"https:\/\/coussinets.fr\/coussinets\/wp-json\/wp\/v2\/pages\/16\/revisions\/1678"}],"wp:attachment":[{"href":"https:\/\/coussinets.fr\/coussinets\/wp-json\/wp\/v2\/media?parent=16"}],"curies":[{"name":"wp","href":"https:\/\/api.w.org\/{rel}","templated":true}]}}